{"id":1406,"date":"2021-10-19T13:36:52","date_gmt":"2021-10-19T11:36:52","guid":{"rendered":"https:\/\/www.forlam-groupe.fr\/the-group\/"},"modified":"2024-02-13T15:11:03","modified_gmt":"2024-02-13T14:11:03","slug":"the-group","status":"publish","type":"page","link":"https:\/\/www.forlam.fr\/en\/the-group\/","title":{"rendered":"The Group"},"content":{"rendered":"","protected":false},"excerpt":{"rendered":"","protected":false},"author":1,"featured_media":0,"parent":0,"menu_order":0,"comment_status":"closed","ping_status":"closed","template":"template-parts\/tpl-groupe.php","meta":{"_acf_changed":false,"inline_featured_image":false,"footnotes":""},"class_list":["post-1406","page","type-page","status-publish","hentry"],"acf":[],"yoast_head":"<!-- This site is optimized with the Yoast SEO plugin v27.4 - https:\/\/yoast.com\/product\/yoast-seo-wordpress\/ -->\n<title>The Group - FORLAM Group<\/title>\n<meta name=\"description\" content=\"L&#039;acier est au c\u0153ur de l\u2019ensemble des produits de FORLAM, un groupe anim\u00e9 et guid\u00e9 par des valeurs partag\u00e9es. Le Groupe affiche l\u2019ambition de faire de l\u2019acier un produit toujours plus innovant.\" \/>\n<meta name=\"robots\" content=\"index, follow, max-snippet:-1, max-image-preview:large, max-video-preview:-1\" \/>\n<link rel=\"canonical\" href=\"https:\/\/www.forlam.fr\/en\/the-group\/\" \/>\n<meta property=\"og:locale\" content=\"en_GB\" \/>\n<meta property=\"og:type\" content=\"article\" \/>\n<meta property=\"og:title\" content=\"The Group - FORLAM Group\" \/>\n<meta property=\"og:description\" content=\"L&#039;acier est au c\u0153ur de l\u2019ensemble des produits de FORLAM, un groupe anim\u00e9 et guid\u00e9 par des valeurs partag\u00e9es. Le Groupe affiche l\u2019ambition de faire de l\u2019acier un produit toujours plus innovant.\" \/>\n<meta property=\"og:url\" content=\"https:\/\/www.forlam.fr\/en\/the-group\/\" \/>\n<meta property=\"og:site_name\" content=\"FORLAM Group\" \/>\n<meta property=\"article:modified_time\" content=\"2024-02-13T14:11:03+00:00\" \/>\n<meta name=\"twitter:card\" content=\"summary_large_image\" \/>\n<script type=\"application\/ld+json\" class=\"yoast-schema-graph\">{\"@context\":\"https:\\\/\\\/schema.org\",\"@graph\":[{\"@type\":\"WebPage\",\"@id\":\"https:\\\/\\\/www.forlam.fr\\\/en\\\/the-group\\\/\",\"url\":\"https:\\\/\\\/www.forlam.fr\\\/en\\\/the-group\\\/\",\"name\":\"The Group - FORLAM Group\",\"isPartOf\":{\"@id\":\"https:\\\/\\\/www.forlam.fr\\\/en\\\/#website\"},\"datePublished\":\"2021-10-19T11:36:52+00:00\",\"dateModified\":\"2024-02-13T14:11:03+00:00\",\"description\":\"L'acier est au c\u0153ur de l\u2019ensemble des produits de FORLAM, un groupe anim\u00e9 et guid\u00e9 par des valeurs partag\u00e9es. Le Groupe affiche l\u2019ambition de faire de l\u2019acier un produit toujours plus innovant.\",\"breadcrumb\":{\"@id\":\"https:\\\/\\\/www.forlam.fr\\\/en\\\/the-group\\\/#breadcrumb\"},\"inLanguage\":\"en-GB\",\"potentialAction\":[{\"@type\":\"ReadAction\",\"target\":[\"https:\\\/\\\/www.forlam.fr\\\/en\\\/the-group\\\/\"]}]},{\"@type\":\"BreadcrumbList\",\"@id\":\"https:\\\/\\\/www.forlam.fr\\\/en\\\/the-group\\\/#breadcrumb\",\"itemListElement\":[{\"@type\":\"ListItem\",\"position\":1,\"name\":\"Home\",\"item\":\"https:\\\/\\\/www.forlam.fr\\\/en\\\/\"},{\"@type\":\"ListItem\",\"position\":2,\"name\":\"The Group\"}]},{\"@type\":\"WebSite\",\"@id\":\"https:\\\/\\\/www.forlam.fr\\\/en\\\/#website\",\"url\":\"https:\\\/\\\/www.forlam.fr\\\/en\\\/\",\"name\":\"FORLAM Group\",\"description\":\"L&#039;Innovative steel - experts in forgery, fencing and rolling\",\"publisher\":{\"@id\":\"https:\\\/\\\/www.forlam.fr\\\/en\\\/#organization\"},\"potentialAction\":[{\"@type\":\"SearchAction\",\"target\":{\"@type\":\"EntryPoint\",\"urlTemplate\":\"https:\\\/\\\/www.forlam.fr\\\/en\\\/?s={search_term_string}\"},\"query-input\":{\"@type\":\"PropertyValueSpecification\",\"valueRequired\":true,\"valueName\":\"search_term_string\"}}],\"inLanguage\":\"en-GB\"},{\"@type\":\"Organization\",\"@id\":\"https:\\\/\\\/www.forlam.fr\\\/en\\\/#organization\",\"name\":\"FORLAM Group\",\"url\":\"https:\\\/\\\/www.forlam.fr\\\/en\\\/\",\"logo\":{\"@type\":\"ImageObject\",\"inLanguage\":\"en-GB\",\"@id\":\"https:\\\/\\\/www.forlam.fr\\\/en\\\/#\\\/schema\\\/logo\\\/image\\\/\",\"url\":\"https:\\\/\\\/www.forlam.fr\\\/wp-content\\\/uploads\\\/2021\\\/11\\\/logo-black.png\",\"contentUrl\":\"https:\\\/\\\/www.forlam.fr\\\/wp-content\\\/uploads\\\/2021\\\/11\\\/logo-black.png\",\"width\":245,\"height\":135,\"caption\":\"FORLAM Group\"},\"image\":{\"@id\":\"https:\\\/\\\/www.forlam.fr\\\/en\\\/#\\\/schema\\\/logo\\\/image\\\/\"}}]}<\/script>\n<!-- \/ Yoast SEO plugin. -->","yoast_head_json":{"title":"The Group - FORLAM Group","description":"L'acier est au c\u0153ur de l\u2019ensemble des produits de FORLAM, un groupe anim\u00e9 et guid\u00e9 par des valeurs partag\u00e9es. Le Groupe affiche l\u2019ambition de faire de l\u2019acier un produit toujours plus innovant.","robots":{"index":"index","follow":"follow","max-snippet":"max-snippet:-1","max-image-preview":"max-image-preview:large","max-video-preview":"max-video-preview:-1"},"canonical":"https:\/\/www.forlam.fr\/en\/the-group\/","og_locale":"en_GB","og_type":"article","og_title":"The Group - FORLAM Group","og_description":"L'acier est au c\u0153ur de l\u2019ensemble des produits de FORLAM, un groupe anim\u00e9 et guid\u00e9 par des valeurs partag\u00e9es. Le Groupe affiche l\u2019ambition de faire de l\u2019acier un produit toujours plus innovant.","og_url":"https:\/\/www.forlam.fr\/en\/the-group\/","og_site_name":"FORLAM Group","article_modified_time":"2024-02-13T14:11:03+00:00","twitter_card":"summary_large_image","schema":{"@context":"https:\/\/schema.org","@graph":[{"@type":"WebPage","@id":"https:\/\/www.forlam.fr\/en\/the-group\/","url":"https:\/\/www.forlam.fr\/en\/the-group\/","name":"The Group - FORLAM Group","isPartOf":{"@id":"https:\/\/www.forlam.fr\/en\/#website"},"datePublished":"2021-10-19T11:36:52+00:00","dateModified":"2024-02-13T14:11:03+00:00","description":"L'acier est au c\u0153ur de l\u2019ensemble des produits de FORLAM, un groupe anim\u00e9 et guid\u00e9 par des valeurs partag\u00e9es. Le Groupe affiche l\u2019ambition de faire de l\u2019acier un produit toujours plus innovant.","breadcrumb":{"@id":"https:\/\/www.forlam.fr\/en\/the-group\/#breadcrumb"},"inLanguage":"en-GB","potentialAction":[{"@type":"ReadAction","target":["https:\/\/www.forlam.fr\/en\/the-group\/"]}]},{"@type":"BreadcrumbList","@id":"https:\/\/www.forlam.fr\/en\/the-group\/#breadcrumb","itemListElement":[{"@type":"ListItem","position":1,"name":"Home","item":"https:\/\/www.forlam.fr\/en\/"},{"@type":"ListItem","position":2,"name":"The Group"}]},{"@type":"WebSite","@id":"https:\/\/www.forlam.fr\/en\/#website","url":"https:\/\/www.forlam.fr\/en\/","name":"FORLAM Group","description":"L&#039;Innovative steel - experts in forgery, fencing and rolling","publisher":{"@id":"https:\/\/www.forlam.fr\/en\/#organization"},"potentialAction":[{"@type":"SearchAction","target":{"@type":"EntryPoint","urlTemplate":"https:\/\/www.forlam.fr\/en\/?s={search_term_string}"},"query-input":{"@type":"PropertyValueSpecification","valueRequired":true,"valueName":"search_term_string"}}],"inLanguage":"en-GB"},{"@type":"Organization","@id":"https:\/\/www.forlam.fr\/en\/#organization","name":"FORLAM Group","url":"https:\/\/www.forlam.fr\/en\/","logo":{"@type":"ImageObject","inLanguage":"en-GB","@id":"https:\/\/www.forlam.fr\/en\/#\/schema\/logo\/image\/","url":"https:\/\/www.forlam.fr\/wp-content\/uploads\/2021\/11\/logo-black.png","contentUrl":"https:\/\/www.forlam.fr\/wp-content\/uploads\/2021\/11\/logo-black.png","width":245,"height":135,"caption":"FORLAM Group"},"image":{"@id":"https:\/\/www.forlam.fr\/en\/#\/schema\/logo\/image\/"}}]}},"_links":{"self":[{"href":"https:\/\/www.forlam.fr\/en\/wp-json\/wp\/v2\/pages\/1406","targetHints":{"allow":["GET"]}}],"collection":[{"href":"https:\/\/www.forlam.fr\/en\/wp-json\/wp\/v2\/pages"}],"about":[{"href":"https:\/\/www.forlam.fr\/en\/wp-json\/wp\/v2\/types\/page"}],"author":[{"embeddable":true,"href":"https:\/\/www.forlam.fr\/en\/wp-json\/wp\/v2\/users\/1"}],"replies":[{"embeddable":true,"href":"https:\/\/www.forlam.fr\/en\/wp-json\/wp\/v2\/comments?post=1406"}],"version-history":[{"count":0,"href":"https:\/\/www.forlam.fr\/en\/wp-json\/wp\/v2\/pages\/1406\/revisions"}],"wp:attachment":[{"href":"https:\/\/www.forlam.fr\/en\/wp-json\/wp\/v2\/media?parent=1406"}],"curies":[{"name":"wp","href":"https:\/\/api.w.org\/{rel}","templated":true}]}}